{"id":72,"date":"2019-11-08T09:48:34","date_gmt":"2019-11-08T07:48:34","guid":{"rendered":"http:\/\/www.galia.com.pl\/?page_id=72"},"modified":"2019-11-08T09:48:34","modified_gmt":"2019-11-08T07:48:34","slug":"projekt0130","status":"publish","type":"page","link":"https:\/\/galia.com.pl\/index.php\/o-firmie\/projekt0130\/","title":{"rendered":"Zaproszenie do sk\u0142adania ofert. Projekt pod nazw\u0105 &#8222;Budowa dw\u00f3ch jednostek wytwarzania energii elektrycznej i ciep\u0142a w technologii wysokosprawnej kogeneracji w miejscowo\u015bci Cz\u0119stochowa&#8221;"},"content":{"rendered":"\n<p class=\"has-large-font-size\"><span style=\"text-decoration: underline;\"><em>Dokumenty do pobrania:<\/em><\/span><\/p>\n\n\n\n<div class=\"wp-block-file\"><a href=\"https:\/\/www.galia.com.pl\/wp-content\/uploads\/2019\/11\/Zaproszenie-do-sk\u0142adania-ofert-1.pdf\">Zaproszenie do sk\u0142adania ofert<\/a><\/div>\n\n\n\n<div class=\"wp-block-file\"><a href=\"https:\/\/www.galia.com.pl\/wp-content\/uploads\/2019\/11\/2.-SIWZ-1.pdf\">2. SIWZ<\/a><\/div>\n\n\n\n<div class=\"wp-block-file\"><a href=\"https:\/\/www.galia.com.pl\/wp-content\/uploads\/2019\/11\/Za\u0142a\u0328cznik-nr-1-PFU-1.pdf\">Za\u0142a\u0328cznik nr 1 &#8211; PFU<\/a><\/div>\n\n\n\n<div class=\"wp-block-file\"><a href=\"https:\/\/www.galia.com.pl\/wp-content\/uploads\/2019\/11\/Za\u0142a\u0328cznik-nr-2-do-SIWZ-Formularz-oferty-wste\u0328pnej-1.pdf\">Za\u0142a\u0328cznik nr 2 do SIWZ &#8211; Formularz oferty wste\u0328pnej<\/a><\/div>\n\n\n\n<div class=\"wp-block-file\"><a href=\"https:\/\/www.galia.com.pl\/wp-content\/uploads\/2019\/11\/Za\u0142a\u0328cznik-nr-3-do-SIWZ-Wykaz-wykonanych-robo\u0301t-budowlanych-1.pdf\">Za\u0142a\u0328cznik nr 3 do SIWZ &#8211; Wykaz wykonanych robo\u0301t budowlanych<\/a><\/div>\n\n\n\n<div class=\"wp-block-file\"><a href=\"https:\/\/www.galia.com.pl\/wp-content\/uploads\/2019\/11\/Za\u0142a\u0328cznik-nr-4-do-SIWZ-Wykaz-wykonanych-us\u0142ug-serwisowych-1.pdf\">Za\u0142a\u0328cznik nr 4 do SIWZ &#8211; Wykaz wykonanych us\u0142ug serwisowych<\/a><\/div>\n\n\n\n<div class=\"wp-block-file\"><a href=\"https:\/\/www.galia.com.pl\/wp-content\/uploads\/2019\/11\/Za\u0142a\u0328cznik-nr-5-do-SIWZ-Wykaz-oso\u0301b-1.pdf\">Za\u0142a\u0328cznik nr 5 do SIWZ &#8211; Wykaz oso\u0301b<\/a><\/div>\n\n\n\n<div class=\"wp-block-file\"><a href=\"https:\/\/www.galia.com.pl\/wp-content\/uploads\/2019\/11\/Za\u0142a\u0328cznik-nr-6-do-SIWZ-Parametry-kontrolne-1.pdf\">Za\u0142a\u0328cznik nr 6 do SIWZ &#8211; Parametry kontrolne<\/a><\/div>\n\n\n\n<div class=\"wp-block-file\"><a href=\"https:\/\/www.galia.com.pl\/wp-content\/uploads\/2019\/11\/Za\u0142a\u0328cznik-nr-7-do-SIWZ-Parametry-gwarantowane-1.pdf\">Za\u0142a\u0328cznik nr 7 do SIWZ- Parametry gwarantowane<\/a><\/div>\n\n\n\n<div class=\"wp-block-file\"><a href=\"https:\/\/www.galia.com.pl\/wp-content\/uploads\/2019\/11\/Za\u0142a\u0328cznik-nr-7-do-Umowy-Przedstawiciele-Wykonawcy-uczestnicza\u0328cy-w-realizacji-przedmiotu-umowy-1.pdf\">Za\u0142a\u0328cznik nr 7 do Umowy &#8211; Przedstawiciele Wykonawcy uczestnicza\u0328cy w realizacji przedmiotu umowy<\/a><\/div>\n\n\n\n<div class=\"wp-block-file\"><a href=\"https:\/\/www.galia.com.pl\/wp-content\/uploads\/2019\/11\/Za\u0142a\u0328cznik-nr-8-do-SIWZ-oferta-serwisu-pogwarancyjnego-1.pdf\">Za\u0142a\u0328cznik nr 8 do SIWZ &#8211; oferta serwisu pogwarancyjnego<\/a><\/div>\n\n\n\n<div class=\"wp-block-file\"><a href=\"https:\/\/www.galia.com.pl\/wp-content\/uploads\/2019\/11\/Za\u0142a\u0328cznik-nr-8-do-Umowy-Przedstawiciele-Zamawiaja\u0328cego-uczestnicza\u0328cy-w-realizacji-przedmiotu-umowy-1.pdf\">Za\u0142a\u0328cznik nr 8 do Umowy &#8211; Przedstawiciele Zamawiaja\u0328cego uczestnicza\u0328cy w realizacji przedmiotu umowy<\/a><\/div>\n\n\n\n<div class=\"wp-block-file\"><a href=\"https:\/\/www.galia.com.pl\/wp-content\/uploads\/2019\/11\/Za\u0142a\u0328cznik-nr-9-do-SIWZ-Wykaz-cze\u0328s\u0301ci-zamiennych-1.pdf\">Za\u0142a\u0328cznik nr 9 do SIWZ &#8211; Wykaz cze\u0328s\u0301ci zamiennych<\/a><\/div>\n\n\n\n<div class=\"wp-block-file\"><a href=\"https:\/\/www.galia.com.pl\/wp-content\/uploads\/2019\/11\/Za\u0142a\u0328cznik-nr-9-do-Umowy-Os\u0301wiadczenie-1.pdf\">Za\u0142a\u0328cznik nr 9 do Umowy &#8211; Os\u0301wiadczenie<\/a><\/div>\n\n\n\n<div class=\"wp-block-file\"><a href=\"https:\/\/www.galia.com.pl\/wp-content\/uploads\/2019\/11\/Za\u0142a\u0328cznik-nr-10-do-SIWZ-Os\u0301wiadczenie-o-spe\u0142nianiu-warunko\u0301w-udzia\u0142u-w-poste\u0328powaniu-1.pdf\">Za\u0142a\u0328cznik nr 10 do SIWZ &#8211; Os\u0301wiadczenie o spe\u0142nianiu warunko\u0301w udzia\u0142u w poste\u0328powaniu<\/a><\/div>\n\n\n\n<div class=\"wp-block-file\"><a href=\"https:\/\/www.galia.com.pl\/wp-content\/uploads\/2019\/11\/Za\u0142a\u0328cznik-nr-10-do-Umowy-Protoko\u0142y-Wykonania-Etapo\u0301w-1.pdf\">Za\u0142a\u0328cznik nr 10 do Umowy &#8211; Protoko\u0142y Wykonania Etapo\u0301w<\/a><\/div>\n\n\n\n<div class=\"wp-block-file\"><a href=\"https:\/\/www.galia.com.pl\/wp-content\/uploads\/2019\/11\/Za\u0142a\u0328cznik-nr-11-do-SIWZ-Os\u0301wiadczenie-o-braku-podstaw-do-wykluczenia-z-poste\u0328powania-1.pdf\">Za\u0142a\u0328cznik nr 11 do SIWZ- Os\u0301wiadczenie o braku podstaw do wykluczenia z poste\u0328powania<\/a><\/div>\n\n\n\n<div class=\"wp-block-file\"><a href=\"https:\/\/www.galia.com.pl\/wp-content\/uploads\/2019\/11\/Za\u0142a\u0328cznik-nr-12-do-SIWZ-Formularz-oferty-ostatecznej-1.pdf\">Za\u0142a\u0328cznik nr 12 do SIWZ- Formularz oferty ostatecznej<\/a><\/div>\n\n\n\n<div class=\"wp-block-file\"><a href=\"https:\/\/www.galia.com.pl\/wp-content\/uploads\/2019\/11\/Za\u0142a\u0328cznik-nr-13-do-SIWZ-Wzo\u0301r-umowy-1.pdf\">Za\u0142a\u0328cznik nr 13 do SIWZ- Wzo\u0301r umowy<\/a><\/div>\n","protected":false},"excerpt":{"rendered":"<p>Dokumenty do pobrania:<\/p>\n","protected":false},"author":1,"featured_media":0,"parent":11,"menu_order":0,"comment_status":"closed","ping_status":"closed","template":"","meta":{"footnotes":""},"class_list":["post-72","page","type-page","status-publish","hentry"],"_links":{"self":[{"href":"https:\/\/galia.com.pl\/index.php\/wp-json\/wp\/v2\/pages\/72","targetHints":{"allow":["GET"]}}],"collection":[{"href":"https:\/\/galia.com.pl\/index.php\/wp-json\/wp\/v2\/pages"}],"about":[{"href":"https:\/\/galia.com.pl\/index.php\/wp-json\/wp\/v2\/types\/page"}],"author":[{"embeddable":true,"href":"https:\/\/galia.com.pl\/index.php\/wp-json\/wp\/v2\/users\/1"}],"replies":[{"embeddable":true,"href":"https:\/\/galia.com.pl\/index.php\/wp-json\/wp\/v2\/comments?post=72"}],"version-history":[{"count":0,"href":"https:\/\/galia.com.pl\/index.php\/wp-json\/wp\/v2\/pages\/72\/revisions"}],"up":[{"embeddable":true,"href":"https:\/\/galia.com.pl\/index.php\/wp-json\/wp\/v2\/pages\/11"}],"wp:attachment":[{"href":"https:\/\/galia.com.pl\/index.php\/wp-json\/wp\/v2\/media?parent=72"}],"curies":[{"name":"wp","href":"https:\/\/api.w.org\/{rel}","templated":true}]}}