{"id":284,"date":"2020-07-30T10:42:03","date_gmt":"2020-07-30T08:42:03","guid":{"rendered":"http:\/\/www.galia.com.pl\/?page_id=284"},"modified":"2020-07-30T10:42:03","modified_gmt":"2020-07-30T08:42:03","slug":"projekty","status":"publish","type":"page","link":"https:\/\/galia.com.pl\/index.php\/projekty\/","title":{"rendered":"Projekty"},"content":{"rendered":"\n<figure class=\"wp-block-image is-resized\"><img loading=\"lazy\" decoding=\"async\" src=\"https:\/\/www.galia.com.pl\/wp-content\/uploads\/2020\/06\/UE_EFRR_rgb-1.jpg\" alt=\"\" class=\"wp-image-278\" width=\"489\" height=\"159\"\/><\/figure>\n\n\n\n<p><a href=\"https:\/\/www.galia.com.pl\/index.php\/projekt-budowa-jednostki-wytwarzania-energii-elektrycznej-i-ciepla-w-technologii-wysokosprawnej-kogeneracji-o-mocy-0999mwel-w-miejscowosci-czestochowa\/\">Projekt  012H\/19 : \u201eBudowa jednostki wytwarzania energii elektrycznej i ciep\u0142a w technologii wysokosprawnej kogeneracji o mocy 0,999MWel w miejscowo\u015bci Cz\u0119stochowa\u201d<\/a><\/p>\n\n\n\n<p><a href=\"https:\/\/www.galia.com.pl\/index.php\/projekt-budowa-dwoch-jednostek-wytwarzania-energii-elektrycznej-i-ciepla-w-technologii-wysokosprawnej-kogeneracji-w-miejscowosci-czestochowa\/\">Projekt 0130\/19 : \u201eBudowa dw\u00f3ch jednostek wytwarzania energii  elektrycznej i ciep\u0142a w technologii wysokosprawnej kogeneracji w  miejscowo\u015bci Cz\u0119stochowa\u201d<\/a> <\/p>\n\n\n\n<p><\/p>\n","protected":false},"excerpt":{"rendered":"<p>Projekt 012H\/19 : \u201eBudowa jednostki wytwarzania energii elektrycznej i ciep\u0142a w technologii wysokosprawnej kogeneracji o mocy 0,999MWel w miejscowo\u015bci Cz\u0119stochowa\u201d Projekt 0130\/19 : \u201eBudowa dw\u00f3ch jednostek wytwarzania energii elektrycznej i ciep\u0142a w technologii wysokosprawnej kogeneracji w miejscowo\u015bci Cz\u0119stochowa\u201d<\/p>\n","protected":false},"author":1,"featured_media":0,"parent":0,"menu_order":0,"comment_status":"closed","ping_status":"closed","template":"","meta":{"footnotes":""},"class_list":["post-284","page","type-page","status-publish","hentry"],"_links":{"self":[{"href":"https:\/\/galia.com.pl\/index.php\/wp-json\/wp\/v2\/pages\/284","targetHints":{"allow":["GET"]}}],"collection":[{"href":"https:\/\/galia.com.pl\/index.php\/wp-json\/wp\/v2\/pages"}],"about":[{"href":"https:\/\/galia.com.pl\/index.php\/wp-json\/wp\/v2\/types\/page"}],"author":[{"embeddable":true,"href":"https:\/\/galia.com.pl\/index.php\/wp-json\/wp\/v2\/users\/1"}],"replies":[{"embeddable":true,"href":"https:\/\/galia.com.pl\/index.php\/wp-json\/wp\/v2\/comments?post=284"}],"version-history":[{"count":0,"href":"https:\/\/galia.com.pl\/index.php\/wp-json\/wp\/v2\/pages\/284\/revisions"}],"wp:attachment":[{"href":"https:\/\/galia.com.pl\/index.php\/wp-json\/wp\/v2\/media?parent=284"}],"curies":[{"name":"wp","href":"https:\/\/api.w.org\/{rel}","templated":true}]}}