{"id":283,"date":"2020-07-30T10:41:32","date_gmt":"2020-07-30T08:41:32","guid":{"rendered":"http:\/\/www.galia.com.pl\/?page_id=283"},"modified":"2020-07-30T10:41:32","modified_gmt":"2020-07-30T08:41:32","slug":"projekt-budowa-dwoch-jednostek-wytwarzania-energii-elektrycznej-i-ciepla-w-technologii-wysokosprawnej-kogeneracji-w-miejscowosci-czestochowa","status":"publish","type":"page","link":"https:\/\/galia.com.pl\/index.php\/projekt-budowa-dwoch-jednostek-wytwarzania-energii-elektrycznej-i-ciepla-w-technologii-wysokosprawnej-kogeneracji-w-miejscowosci-czestochowa\/","title":{"rendered":"Projekt : \u201eBudowa dw\u00f3ch jednostek wytwarzania energii elektrycznej i ciep\u0142a w technologii wysokosprawnej kogeneracji w miejscowo\u015bci Cz\u0119stochowa\u201d"},"content":{"rendered":"\n<figure class=\"wp-block-image\"><img decoding=\"async\" src=\"https:\/\/www.galia.com.pl\/wp-content\/uploads\/2020\/06\/EFRR_kolor_poziom_rgb.png\" alt=\"\" class=\"wp-image-279\"\/><\/figure>\n\n\n\n<ul class=\"wp-block-list\"><li><strong>Beneficjent: <\/strong>Galia S.A. <\/li><\/ul>\n\n\n\n<ul class=\"wp-block-list\"><li><strong>\u0179r\u00f3d\u0142o finansowania: <\/strong><\/li><\/ul>\n\n\n\n<p>Regionalny\n Program Operacyjny Wojew\u00f3dztwa \u015al\u0105skiego 2014 \u2013 2020, O\u015b priorytetowa \nIV \u201eEfektywno\u015b\u0107 energetyczna, odnawialne \u017ar\u00f3d\u0142a energii i gospodarka \nniskoemisyjna\u201d, Dzia\u0142anie 4.4. \u201eWysokosprawna kogeneracja\u201d<\/p>\n\n\n\n<ul class=\"wp-block-list\"><li><strong>Nazwa projektu: <\/strong><\/li><\/ul>\n\n\n\n<p>\u201eBudowa\n dw\u00f3ch jednostek wytwarzania energii elektrycznej i ciep\u0142a w technologii\n wysokosprawnej kogeneracji w miejscowo\u015bci Cz\u0119stochowa\u201d <\/p>\n\n\n\n<ul class=\"wp-block-list\"><li><strong>Cele projektu: <\/strong><\/li><\/ul>\n\n\n\n<p>Zmniejszenie zu\u017cycia nieodnawialnej energii pierwotnej oraz ograniczenie emisji zanieczyszcze\u0144, w tym CO2 do atmosfery. <\/p>\n\n\n\n<ul class=\"wp-block-list\"><li><strong>Okres realizacji: <\/strong>I kw. 2020 r. \u2013 IV kw. 2022 r. <\/li><\/ul>\n\n\n\n<ul class=\"wp-block-list\"><li><strong>Kr\u00f3tki opis projektu: <\/strong><\/li><\/ul>\n\n\n\n<p>Budowa dw\u00f3ch jednostek wysokosprawnej kogeneracji o \u0142\u0105cznej mocy elektrycznej 0,998 MWel oraz \u0142\u0105cznej mocy cieplnej 1,288  MWt pozwoli na zmniejszenie zu\u017cycia energii pierwotnej oraz  ograniczenie emisji CO2 i innych zanieczyszcze\u0144 do atmosfery.  Kogeneracja zasilana b\u0119dzie gazem ziemnym. <\/p>\n\n\n\n<ul class=\"wp-block-list\"><li><strong>Warto\u015b\u0107 projektu netto:<\/strong> 5&nbsp;584&nbsp;073,00 z\u0142<\/li><\/ul>\n\n\n\n<ul class=\"wp-block-list\"><li><strong>Wk\u0142ad Funduszy Europejskich:<\/strong> 2 944 228,00 z\u0142. <\/li><\/ul>\n","protected":false},"excerpt":{"rendered":"<p>Beneficjent: Galia S.A. \u0179r\u00f3d\u0142o finansowania: Regionalny Program Operacyjny Wojew\u00f3dztwa \u015al\u0105skiego 2014 \u2013 2020, O\u015b priorytetowa IV \u201eEfektywno\u015b\u0107 energetyczna, odnawialne \u017ar\u00f3d\u0142a energii i gospodarka niskoemisyjna\u201d, Dzia\u0142anie 4.4. \u201eWysokosprawna kogeneracja\u201d Nazwa projektu: \u201eBudowa dw\u00f3ch jednostek wytwarzania energii elektrycznej i ciep\u0142a w technologii wysokosprawnej kogeneracji w miejscowo\u015bci Cz\u0119stochowa\u201d Cele projektu: Zmniejszenie zu\u017cycia nieodnawialnej energii pierwotnej oraz ograniczenie emisji [&hellip;]<\/p>\n","protected":false},"author":1,"featured_media":0,"parent":0,"menu_order":0,"comment_status":"closed","ping_status":"closed","template":"","meta":{"footnotes":""},"class_list":["post-283","page","type-page","status-publish","hentry"],"_links":{"self":[{"href":"https:\/\/galia.com.pl\/index.php\/wp-json\/wp\/v2\/pages\/283","targetHints":{"allow":["GET"]}}],"collection":[{"href":"https:\/\/galia.com.pl\/index.php\/wp-json\/wp\/v2\/pages"}],"about":[{"href":"https:\/\/galia.com.pl\/index.php\/wp-json\/wp\/v2\/types\/page"}],"author":[{"embeddable":true,"href":"https:\/\/galia.com.pl\/index.php\/wp-json\/wp\/v2\/users\/1"}],"replies":[{"embeddable":true,"href":"https:\/\/galia.com.pl\/index.php\/wp-json\/wp\/v2\/comments?post=283"}],"version-history":[{"count":0,"href":"https:\/\/galia.com.pl\/index.php\/wp-json\/wp\/v2\/pages\/283\/revisions"}],"wp:attachment":[{"href":"https:\/\/galia.com.pl\/index.php\/wp-json\/wp\/v2\/media?parent=283"}],"curies":[{"name":"wp","href":"https:\/\/api.w.org\/{rel}","templated":true}]}}