{"id":251,"date":"2020-05-05T07:42:45","date_gmt":"2020-05-05T05:42:45","guid":{"rendered":"http:\/\/www.galia.com.pl\/?page_id=251"},"modified":"2020-05-05T07:42:45","modified_gmt":"2020-05-05T05:42:45","slug":"04-05-2020r-ogloszenie-o-zwolaniu-nadzwyczajnego-zgromadzenia","status":"publish","type":"page","link":"https:\/\/galia.com.pl\/index.php\/04-05-2020r-ogloszenie-o-zwolaniu-nadzwyczajnego-zgromadzenia\/","title":{"rendered":"04.05.2020r.- Og\u0142oszenie o zwo\u0142aniu Nadzwyczajnego Zgromadzenia"},"content":{"rendered":"\n<p>Zarz\u0105d\nGALIA S.A. z siedzib\u0105 w D\u0105browie G\u00f3rniczej, przy ulicy Przybylaka 15 dzia\u0142aj\u0105c\nna podstawie art. 399 \u00a7 1, w zwi\u0105zku z art. 398 i art. 402 \u00a71 Kodeksu Sp\u00f3\u0142ek\nHandlowych, zwo\u0142uje Nadzwyczajne Walne Zgromadzenie na dzie\u0144 09.06.2020 r. o\ngodz. 11.00, kt\u00f3re odb\u0119dzie si\u0119 w Cz\u0119stochowie, przy ul. Rejtana 23.<\/p>\n\n\n\n<p>Porz\u0105dek\nobrad:<\/p>\n\n\n\n<ol class=\"wp-block-list\"><li>Otwarcie Zgromadzenia i wyb\u00f3r Przewodnicz\u0105cego\nZgromadzenia.<\/li><li>Stwierdzenie prawid\u0142owo\u015bci zwo\u0142ania Nadzwyczajnego\nWalnego Zgromadzenia i jego zdolno\u015bci do podejmowania uchwa\u0142.<\/li><li>Podj\u0119cie uchwa\u0142y w sprawie trybu wyboru Komisji\nSkrutacyjnej i wyb\u00f3r Komisji Skrutacyjnej.<\/li><li>Przyj\u0119cie porz\u0105dku obrad.<\/li><li>Podj\u0119cie uchwa\u0142 w sprawie zmian w sk\u0142adzie Rady\nNadzorczej Sp\u00f3\u0142ki.<\/li><li>Podj\u0119cie uchwa\u0142 w sprawie ustalenia zasad i wysoko\u015bci\nwynagrodzenia Cz\u0142onk\u00f3w Rady Nadzorczej GALIA S.A.<\/li><li>Podj\u0119cie uchwa\u0142y w sprawie wyboru instytucji\nprowadz\u0105cej Rejestr Akcjonariuszy Sp\u00f3\u0142ki.<\/li><li>Podj\u0119cie uchwa\u0142y w sprawie przyj\u0119cia uproszczonych\nzasad sporz\u0105dzania sprawozda\u0144 finansowych przewidzianych dla jednostek ma\u0142ych.<\/li><li>Podj\u0119cie uchwa\u0142y w sprawie zmian Statutu Sp\u00f3\u0142ki.<\/li><li>Podj\u0119cie uchwa\u0142y w sprawie upowa\u017cnienia Rady\nNadzorczej do ustalenia jednolitego tekstu Statutu Sp\u00f3\u0142ki.<\/li><li>Wolne wnioski.<\/li><li>Zamkni\u0119cie obrad.<\/li><\/ol>\n\n\n\n<p>Prawo uczestniczenia w Walnym Zgromadzeniu przys\u0142uguje\nposiadaczowi akcji na okaziciela po spe\u0142nieniu wymog\u00f3w przewidzianych w art.\n406 \u00a72 k.s.h. Akcje na okaziciela nale\u017cy z\u0142o\u017cy\u0107 w lokalu Sp\u00f3\u0142ki w Cz\u0119stochowie,\nul. Rejtana 23, najp\u00f3\u017aniej na tydzie\u0144 przed odbyciem Walnego Zgromadzenia tj.\ndo dnia 01.06.2020 r. w godzinach 7\u00b0\u00b0 &#8211; 15\u00b0\u00b0 i pozostawi\u0107 w Sp\u00f3\u0142ce do\nzako\u0144czenia Zgromadzenia. Dokumenty zwi\u0105zane ze spraw\u0105 obj\u0119t\u0105 porz\u0105dkiem obrad\nb\u0119d\u0105 udost\u0119pnione zgodnie z art. 407 \u00a72 k.s.h. <\/p>\n\n\n\n<p>Proponowane\nzmiany Statutu Sp\u00f3\u0142ki:<\/p>\n\n\n\n<p>1.\nw\u00a7 3 pkt 1 dodanie na ko\u0144cu zdania drugiego tre\u015bci:<\/p>\n\n\n\n<p>\u201e- dalej w skr\u00f3cie zwanymi akcjami\nza\u0142o\u017cycielskimi, a ich w\u0142a\u015bciciele akcjonariuszami za\u0142o\u017cycielami lub\nza\u0142o\u017cycielami.\u201d;<\/p>\n\n\n\n<p>2. \u00a7 3 pkt 5 zdanie drugie otrzymuje\nbrzmienie:<\/p>\n\n\n\n<p>\u201eZgoda\nwszystkich Za\u0142o\u017cycieli lub Za\u0142o\u017cyciela je\u015bli jest tylko jeden, winna by\u0107\nudzielona na pi\u015bmie oraz z\u0142o\u017cona Zarz\u0105dowi Sp\u00f3\u0142ki najp\u00f3\u017aniej w dniu zawarcia\numowy zbycia akcji.\u201d;<\/p>\n\n\n\n<p>3. skre\u015bla si\u0119 w \u00a7 5 ostatnie zdanie;<\/p>\n\n\n\n<p>4. w \u00a7 7 dodanie na ko\u0144cu zdania\nostatniego tre\u015bci:<\/p>\n\n\n\n<p>\u201elub w drodze zakupu wed\u0142ug procedury okre\u015blonej w \u00a7 3 pkt 5 Statutu Sp\u00f3\u0142ki. Nabycie akcji wskutek prowadzonego przeciwko akcjonariuszowi\u00a0 post\u0119powania egzekucyjnego, post\u0119powania egzekucyjnego w administracji lub ustanowienia zabezpieczenia w tych post\u0119powaniach, powoduje utrat\u0119 uprzywilejowania zwi\u0105zanego z akcj\u0105.\u201d;<\/p>\n\n\n\n<p>5. dodanie po \u00a78 &#8211; \u00a7 8A w brzmieniu:<\/p>\n\n\n\n<p>\u201eZastawnik lub u\u017cytkownik akcji Sp\u00f3\u0142ki\nnie mo\u017ce wykonywa\u0107 prawa g\u0142osu z akcji.\u201d;<\/p>\n\n\n\n<p>6. zmiana \u00a7 10 pkt 2 lit. k<\/p>\n\n\n\n<p>dotychczasowe brzmienie:<\/p>\n\n\n\n<p>\u201ek) podj\u0119cie uchwa\u0142 w przedmiocie\nzbycia lub wydzier\u017cawienia przedsi\u0119biorstwa oraz zbycia nieruchomo\u015bci\nfabrycznych Sp\u00f3\u0142ki,\u201d<\/p>\n\n\n\n<p>proponowane brzmienie:<\/p>\n\n\n\n<p>\u201ek) podj\u0119cie uchwa\u0142 w przedmiocie\nzbycia i wydzier\u017cawienia przedsi\u0119biorstwa lub jego zorganizowanej cz\u0119\u015bci oraz\nustanowienie na nich ograniczonego prawa rzeczowego,\u201d;<\/p>\n\n\n\n<p>7. \u00a7 10 pkt 2 lit m do dotychczasowej\ntre\u015bci dodanie s\u0142\u00f3w:<\/p>\n\n\n\n<p>\u201ei akcjonariuszy za\u0142o\u017cycieli,\u201d;<\/p>\n\n\n\n<p>8. w \u00a7 10 pkt 2 dodanie podpunktu r) w\nbrzmieniu:<\/p>\n\n\n\n<p>&nbsp;&nbsp;&nbsp; \u201er)\nwyb\u00f3r podmiotu prowadz\u0105cego rejestr akcjonariuszy Sp\u00f3\u0142ki.\u201d;<\/p>\n\n\n\n<p>9. \u00a7 11 pkt 3 dodanie zdania drugiego w\nbrzmieniu:<\/p>\n\n\n\n<p>\u201eRada Nadzorcza lub akcjonariusz za\u0142o\u017cyciel mo\u017ce\nzwo\u0142a\u0107 Zwyczajne Walne Zgromadzenie, je\u017celi Zarz\u0105d nie zwo\u0142a go w terminie\nsze\u015bciu miesi\u0119cy po up\u0142ywie ka\u017cdego roku obrotowego.\u201d;<\/p>\n\n\n\n<p>10. w \u00a7 11 dodanie pkt 4, pkt 5 i pkt 6\nw brzmieniu:<\/p>\n\n\n\n<p>\u201e4. Rada Nadzorcza mo\u017ce zwo\u0142a\u0107\nNadzwyczajne Walne Zgromadzenie je\u017celi zwo\u0142anie go uzna za wskazane.<\/p>\n\n\n\n<p>&nbsp;5.\nNadzwyczajne Walne Zgromadzenie zwo\u0142uje Zarz\u0105d w terminie 7 dni od otrzymania\npisemnego \u017c\u0105dania akcjonariusza za\u0142o\u017cyciela lub akcjonariusza lub akcjonariuszy\nreprezentuj\u0105cych co najmniej jedn\u0105 dwudziest\u0105 kapita\u0142u zak\u0142adowego. Je\u017celi Nadzwyczajne\nWalne Zgromadzenie nie zostanie zwo\u0142ane przez Zarz\u0105d w w\/w terminie &#8211; mo\u017ce je\nzwo\u0142a\u0107 ka\u017cda z tych os\u00f3b.<\/p>\n\n\n\n<p>&nbsp;6.\nAkcjonariusze mog\u0105 uczestniczy\u0107 w Walnym Zgromadzeniu przy wykorzystaniu&nbsp; \u015brodk\u00f3w komunikacji elektronicznej. Zarz\u0105d\nSp\u00f3\u0142ki upowa\u017cniony jest do okre\u015blenia szczeg\u00f3\u0142owych zasad takiego sposobu\nuczestnictwa akcjonariuszy w Walnym Zgromadzeniu, w tym wymog\u00f3w i ogranicze\u0144\nniezb\u0119dnych do identyfikacji akcjonariuszy i bezpiecze\u0144stwa komunikacji\nelektronicznej.\u201d;<\/p>\n\n\n\n<p>11. zmiana \u00a7 12 pkt 1<\/p>\n\n\n\n<p>dotychczasowe brzmienie:<\/p>\n\n\n\n<p>\u201e1. Walne Zgromadzenie jest zdolne do\npowzi\u0119cia wi\u0105\u017c\u0105cych uchwa\u0142 bez wzgl\u0119du na liczb\u0119 obecnych Akcjonariuszy lub\nreprezentowanych akcji, je\u017celi uczestnicz\u0105 w nim Akcjonariusze reprezentuj\u0105cy\n2\/3 (dwie trzecie) akcji za\u0142o\u017cycielskich.\u201d<\/p>\n\n\n\n<p>proponowane brzmienie:<\/p>\n\n\n\n<p>\u201e1. Walne Zgromadzenie jest wa\u017cne,\nje\u017celi na nim reprezentowane jest co najmniej 10% kapita\u0142u zak\u0142adowego i obecny\njest na nim co najmniej jeden akcjonariusz za\u0142o\u017cyciel b\u0105d\u017a jego pe\u0142nomocnik. W\nprzypadku nie spe\u0142nienia powy\u017cszego wymogu Zarz\u0105d zwo\u0142uje drugie Walne\nZgromadzenie o tym samym porz\u0105dku obrad bez zb\u0119dnej zw\u0142oki z zastrze\u017ceniem\nwarunk\u00f3w przewidzianych w art. 402 kodeksu sp\u00f3\u0142ek handlowych, kt\u00f3re to\nZgromadzenie jest wa\u017cne do podejmowania uchwa\u0142 bez wzgl\u0119du na ilo\u015b\u0107\nreprezentowanych akcji pod warunkiem, \u017ce obecny jest na nim co najmniej jeden\nakcjonariusz za\u0142o\u017cyciel b\u0105d\u017a jego pe\u0142nomocnik (w przypadku gdy w\u015br\u00f3d\nakcjonariuszy Sp\u00f3\u0142ki jest tylko jeden za\u0142o\u017cyciel) albo obecnych na nim dw\u00f3ch\nakcjonariuszy za\u0142o\u017cycieli b\u0105d\u017a ich pe\u0142nomocnicy(k) (w przypadku gdy w\u015br\u00f3d\nakcjonariuszy Sp\u00f3\u0142ki jest wi\u0119cej ni\u017c jeden za\u0142o\u017cyciel).\u201d;<\/p>\n\n\n\n<p>12. zmiana \u00a7 12 pkt 2<\/p>\n\n\n\n<p>dotychczasowe brzmienie: <\/p>\n\n\n\n<p>\u201eUchwa\u0142y&nbsp;&nbsp;\nWalnego&nbsp;&nbsp; Zgromadzenia&nbsp;&nbsp; zapadaj\u0105&nbsp;&nbsp;\nbezwzgl\u0119dn\u0105&nbsp;&nbsp; wi\u0119kszo\u015bci\u0105 g\u0142os\u00f3w,\nprzy czym do wa\u017cno\u015bci uchwa\u0142 w sprawie: emisji obligacji, zmiany Statutu,\nzbycia przedsi\u0119biorstwa, po\u0142\u0105czenia&nbsp;\nSp\u00f3\u0142ek, rozwi\u0105zania Sp\u00f3\u0142ki,podniesienia kapita\u0142u zak\u0142adowego\nwymagana jest zgoda co najmniej 3\/4 <em>&nbsp;<\/em>g\u0142os\u00f3w\noddanych przy zgodzie co najmniej 2\/3 Za\u0142o\u017cycieli Sp\u00f3\u0142ki.\u201d<\/p>\n\n\n\n<p>proponowane brzmienie:<\/p>\n\n\n\n<p>\u201eUchwa\u0142y Walnego Zgromadzenia zapadaj\u0105\nbezwzgl\u0119dn\u0105&nbsp; wi\u0119kszo\u015bci\u0105 g\u0142os\u00f3w, przy\nczym do wa\u017cno\u015bci uchwa\u0142 w sprawie: emisji obligacji, zmiany Statutu, zbycia lub\nwydzier\u017cawienia przedsi\u0119biorstwa, po\u0142\u0105czenia&nbsp;\nSp\u00f3\u0142ek, rozwi\u0105zania Sp\u00f3\u0142ki,podniesienia kapita\u0142u zak\u0142adowego,\nwymagana jest zgoda co najmniej 3\/4 g\u0142os\u00f3w oddanych przy zgodzie co najmniej\njednego akcjonariusza za\u0142o\u017cyciela b\u0105d\u017a jego pe\u0142nomocnika (w przypadku gdy w\u015br\u00f3d\nakcjonariuszy Sp\u00f3\u0142ki jest tylko jeden za\u0142o\u017cyciel) albo co najmniej dw\u00f3ch\nakcjonariuszy za\u0142o\u017cycieli b\u0105d\u017a ich pe\u0142nomocnik\u00f3w(ka) (w przypadku gdy w\u015br\u00f3d\nakcjonariuszy Sp\u00f3\u0142ki jest wi\u0119cej ni\u017c jeden za\u0142o\u017cyciel).\u201d;<\/p>\n\n\n\n<p>13.&nbsp;\nw \u00a7 14 pkt 1 dodanie na ko\u0144cu zdania tre\u015bci:<\/p>\n\n\n\n<p>\u201ew tym Przewodnicz\u0105cego i\nWiceprzewodniczacego.\u201d<\/p>\n\n\n\n<p>14. zmiana w \u00a7 14 pkt 5 zdanie\npierwsze:<\/p>\n\n\n\n<p>dotychczasowe brzmienie:<\/p>\n\n\n\n<p>\u201eKadencja\npierwszej Rady Nadzorczej trwa jeden rok, cz\u0142onkowie nast\u0119pnych Rad Nadzorczych\npowo\u0142ywani s\u0105 na trzy lata.\u201d<\/p>\n\n\n\n<p>proponowane\nbrzmienie:<\/p>\n\n\n\n<p>\u201eKadencja\nRady Nadzorczej trwa jeden rok.\u201d;<\/p>\n\n\n\n<p>15.\nw \u00a7 15 pkt 1 zdanie drugie zast\u0105pienie s\u0142owa: \u201eposiedzenia\u201d s\u0142owami: \u201eRady\nNadzorczej lub w przypadku nieobecno\u015bci Przewodnicz\u0105cego Rady Nadzorczej\nrozstrzygaj\u0105cy g\u0142os ma Wiceprzewodnicz\u0105cy Rady Nadzorczej.\u201d;<\/p>\n\n\n\n<p>16. zmiana \u00a7 15 pkt 3<\/p>\n\n\n\n<p>dotychczasowe brzmienie:<\/p>\n\n\n\n<p>\u201e3. W przypadkach koniecznych, uchwa\u0142y\nRady mog\u0105 zosta\u0107 podj\u0119te poza posiedzeniem, je\u017celi wszyscy cz\u0142onkowie Rady\nNadzorczej wyra\u017c\u0105 zgod\u0119 na pisemne g\u0142osowanie.\u201d<\/p>\n\n\n\n<p>proponowana tre\u015b\u0107:<\/p>\n\n\n\n<p>\u201e3.Uchwa\u0142y Rady Nadzorczej s\u0105\npodejmowane na posiedzeniach. Cz\u0142onkowie Rady Nadzorczej mog\u0105 r\u00f3wnie\u017c\npodejmowa\u0107 uchwa\u0142y, oddaj\u0105c sw\u00f3j g\u0142os na pi\u015bmie za po\u015brednictwem innego cz\u0142onka\nRady Nadzorczej z tym, \u017ce oddanie g\u0142osu na pi\u015bmie nie mo\u017ce dotyczy\u0107 spraw\nwprowadzonych do porz\u0105dku obrad na posiedzeniu Rady Nadzorczej. Podejmowanie\nuchwa\u0142 przez Rad\u0119 Nadzorcz\u0105 jest r\u00f3wnie\u017c mo\u017cliwe w trybie pisemnym lub przy\nwykorzystaniu \u015brodk\u00f3w bezpo\u015bredniego porozumiewania si\u0119 na odleg\u0142o\u015b\u0107. Uchwa\u0142a\njest wa\u017cna gdy wszyscy Cz\u0142onkowie Rady zostali powiadomieni o tre\u015bci projektu\nuchwa\u0142y.\u201d;<\/p>\n\n\n\n<p>17. zmiana \u00a7 16 pkt 2:<\/p>\n\n\n\n<p>dotychczasowe brzmienie:<\/p>\n\n\n\n<p>\u201eRada&nbsp;&nbsp; Nadzorcza&nbsp;&nbsp;\nrozpatruje wszelkie wnioski&nbsp;\ni&nbsp; sprawy&nbsp; maj\u0105ce&nbsp;&nbsp;&nbsp;\nby\u0107\nprzedstawione do uchwalenia przez Walne\nZgromadzenie.\u201d<\/p>\n\n\n\n<p>proponowana tre\u015b\u0107:<\/p>\n\n\n\n<p>\u201eRada Nadzorcza opiniuje wszelkie\nwnioski&nbsp; i&nbsp; sprawy&nbsp;\nmaj\u0105ce by\u0107 przedstawione do\nuchwalenia przez Walne Zgromadzenie &#8211; nie dotyczy spraw wnoszonych pod obrady\nWalnego Zgromadzenia zwo\u0142ywanego na wniosek Akcjonariusza Za\u0142o\u017cyciela lub\nakcjonariusza(y) reprezentuj\u0105cych co najmniej jedn\u0105 dwudziest\u0105 kapita\u0142u\nzak\u0142adowego.\u201d;<\/p>\n\n\n\n<p>18. \u00a7 16 pkt 3 pi\u0105te tiret dodanie do\ndotychczasowej tre\u015bci s\u0142\u00f3w:<\/p>\n\n\n\n<p>&nbsp;\u201epo\nuzyskaniu zgody jednego akcjonariusza Za\u0142o\u017cyciela (w przypadku gdy w\u015br\u00f3d\nakcjonariuszy Sp\u00f3\u0142ki jest tylko jeden za\u0142o\u017cyciel) albo dw\u00f3ch akcjonariuszy\nza\u0142o\u017cycieli (w przypadku gdy w\u015br\u00f3d akcjonariuszy Sp\u00f3\u0142ki jest wi\u0119cej ni\u017c jeden\nza\u0142o\u017cyciel),\u201d;<\/p>\n\n\n\n<p>19. \u00a7 16 pkt 3 sz\u00f3ste tiret dodanie po\ns\u0142owach: \u201eudzielanie Zarz\u0105dowi Sp\u00f3\u0142ki\u201d s\u0142\u00f3w:<\/p>\n\n\n\n<p>\u201epo uzyskaniu zgody jednego\nakcjonariusza za\u0142o\u017cyciela (w przypadku gdy w\u015br\u00f3d akcjonariuszy Sp\u00f3\u0142ki jest\ntylko jeden za\u0142o\u017cyciel) albo dw\u00f3ch akcjonariuszy za\u0142o\u017cycieli (w przypadku gdy\nw\u015br\u00f3d akcjonariuszy Sp\u00f3\u0142ki jest wi\u0119cej ni\u017c jeden za\u0142o\u017cyciel)\u201d;<\/p>\n\n\n\n<p>20. w \u00a716 pkt 3 sz\u00f3ste tiret lit. b)\ndodanie po s\u0142owie: \u201efilii\u201d&nbsp; s\u0142owa:\n\u201esp\u00f3\u0142ek\u201d;<\/p>\n\n\n\n<p>21. \u00a7 16 pkt 3 sz\u00f3ste tiret dodanie\npodpunkt\u00f3w e) i f) w brzmieniu:<\/p>\n\n\n\n<p>\u201ee) rozporz\u0105dzanie prawem lub\nzaci\u0105ganie zobowi\u0105za\u0144 o jednorazowej warto\u015bci powy\u017cej 300.000,00 z\u0142 (trzysta\ntysi\u0119cy z\u0142otych), <\/p>\n\n\n\n<p>f) udzielenie przez Sp\u00f3\u0142k\u0119 por\u0119cze\u0144 i\ngwarancji.\u201d;<\/p>\n\n\n\n<p>22. w \u00a7 16 pkt 3 \u00f3sme tiret skre\u015blenie\ns\u0142\u00f3w: \u201ei pkt 5-7\u201d;<\/p>\n\n\n\n<p>23. w \u00a7 16 dodaje si\u0119 pkt 4 o tre\u015bci:<\/p>\n\n\n\n<p>\u201e4. W przypadku sporz\u0105dzania przez\nSp\u00f3\u0142k\u0119 sprawozdania finansowego wed\u0142ug przewidzianych w ustawie o rachunkowo\u015bci\nuproszczonych zasad sporz\u0105dzania sprawozda\u0144 finansowych dla jednostek ma\u0142ych,\nRadzie Nadzorczej przys\u0142uguje prawo wnioskowania do Zarz\u0105du o sporz\u0105dzenie i\nprzed\u0142o\u017cenie Radzie Nadzorczej pe\u0142nego sprawozdania finansowego zgodnie z\nza\u0142\u0105cznikiem nr 1 do ustawy o rachunkowo\u015bci.\u201d;<\/p>\n\n\n\n<p>24. zmiana \u00a7 19 pkt 2<\/p>\n\n\n\n<p>dotychczasowe brzmienie:<\/p>\n\n\n\n<p>\u201eCz\u0142onk\u00f3w Zarz\u0105du Sp\u00f3\u0142ki powo\u0142uje Rada\nNadzorcza. Akcjonariuszom Za\u0142o\u017cycielom Sp\u00f3\u0142ki, posiadaj\u0105cym akcje\nza\u0142o\u017cycielskie, przys\u0142uguje prawo wskazania Prezesa Zarz\u0105du, spo\u015br\u00f3d Cz\u0142onk\u00f3w\nZarz\u0105du wybranych przez Rad\u0119 Nadzorcz\u0105. Uprawnienie do wskazania Prezesa\nZarz\u0105du jest wykonywane w drodze o\u015bwiadczenia ustnego Akcjonariuszy\nZa\u0142o\u017cycieli, z\u0142o\u017conego do protoko\u0142u na posiedzeniu Rady Nadzorczej. W przypadku\nnie skorzystania przez Akcjonariuszy Za\u0142o\u017cycieli z prawa wskazania Prezesa\nZarz\u0105du do chwili zamkni\u0119cia posiedzenia Rady Nadzorczej, zawieraj\u0105cego w\nporz\u0105dku obrad powo\u0142anie Cz\u0142onk\u00f3w Zarz\u0105du, prawo to przys\u0142uguje Radzie\nNadzorczej.\u201d<\/p>\n\n\n\n<p>proponowana tre\u015b\u0107:<\/p>\n\n\n\n<p>\u201eCz\u0142onk\u00f3w Zarz\u0105du powo\u0142uje Rada\nNadzorcza spo\u015br\u00f3d listy kandydat\u00f3w sporz\u0105dzonej przez Rad\u0119 Nadzorcz\u0105 i\nzatwierdzonej przez jednego akcjonariusza za\u0142o\u017cyciela (w przypadku gdy w\u015br\u00f3d\nakcjonariuszy Sp\u00f3\u0142ki jest tylko jeden za\u0142o\u017cyciel) albo dw\u00f3ch akcjonariuszy\nza\u0142o\u017cycieli (w przypadku gdy w\u015br\u00f3d akcjonariuszy Sp\u00f3\u0142ki jest wi\u0119cej ni\u017c jeden\nza\u0142o\u017cyciel).\u201d;<\/p>\n\n\n\n<p>25. \u00a7 19 pkt 5 skre\u015blenie s\u0142\u00f3w: \u201elub\nAkcjonariusze Za\u0142o\u017cyciele\u201d;<\/p>\n\n\n\n<p>26. zmiana \u00a7 19 pkt 6 i pkt 7<\/p>\n\n\n\n<p>dotychczasowe brzmienie:<\/p>\n\n\n\n<p>\u201e6. Odwo\u0142anie Cz\u0142onk\u00f3w Zarz\u0105du przez\nAkcjonariuszy Za\u0142o\u017cycieli w oparciu o pkt 5 dokonywane jest poprzez\no\u015bwiadczenie dostarczone Sp\u00f3\u0142ce w formie pisemnej pod rygorem niewa\u017cno\u015bci.<\/p>\n\n\n\n<p>7. W przypadku wykorzystania przez\nAkcjonariuszy Za\u0142o\u017cycieli uprawnie\u0144 di odwo\u0142ania Cz\u0142onk\u00f3w Zarz\u0105du &#8211; Rada\nNadzorcza oddeleguje na okres nie d\u0142u\u017cszy ni\u017c 14 dni jednego ze swoich cz\u0142onk\u00f3w\ndo czasowego wykonywania czynno\u015bci Prezesa Zarz\u0105du do czasu zwo\u0142ania\nposiedzenia Rady Nadzorczej, na kt\u00f3rym zostanie powo\u0142any Zarz\u0105d Sp\u00f3\u0142ki.\u201d<\/p>\n\n\n\n<p>proponowane brzmienie:<\/p>\n\n\n\n<p>\u201e6. Odwo\u0142anie Cz\u0142onka(\u00f3w) Zarz\u0105du\nnast\u0119puje z inicjatywy Rady Nadzorczej lub na pisemny wniosek akcjonariusza(y)\nSp\u00f3\u0142ki posiadaj\u0105cych minimum 10% akcji Sp\u00f3\u0142ki. W takim przypadku Rada Nadzorcza\nniezw\u0142ocznie nie p\u00f3\u017aniej jednak ni\u017c w terminie 7 dni zwo\u0142uje posiedzenie Rady\nNadzorczej dla odwo\u0142ania ca\u0142ego Zarz\u0105du lub poszczeg\u00f3lnych jego Cz\u0142onk\u00f3w.<\/p>\n\n\n\n<p>7. W przypadku odwo\u0142ania ca\u0142ego sk\u0142adu\nZarz\u0105du Rada Nadzorcza oddeleguje na okres nie d\u0142u\u017cszy ni\u017c trzy miesi\u0105ce\njednego ze swoich cz\u0142onk\u00f3w do czasowego wykonywania czynno\u015bci Prezesa Zarz\u0105du\ndo czasu zwo\u0142ania posiedzenia Rady Nadzorczej i powo\u0142ania Zarz\u0105du Sp\u00f3\u0142ki.\u201d;<\/p>\n\n\n\n<p>27. w \u00a7 19 dodanie pkt 8 w brzmieniu:<\/p>\n\n\n\n<p>\u201e8. Zarz\u0105d lub poszczeg\u00f3lni Cz\u0142onkowie\nZarz\u0105du mog\u0105 by\u0107 zawieszeni z wa\u017cnych powod\u00f3w w czynno\u015bciach przez Rad\u0119\nNadzorcz\u0105. Za wa\u017cny pow\u00f3d zawieszenia uznaje si\u0119 wniosek akcjonariusza(y)\nposiadaj\u0105cego co najmniej 10% akcji Sp\u00f3\u0142ki lub wniosek akcjonariusza\nza\u0142o\u017cyciela.\u201d;<\/p>\n\n\n\n<p>28. \u00a7 21 pkt 2 otrzymuje brzmienie:<\/p>\n\n\n\n<p>\u201eDo wykonywania czynno\u015bci okre\u015blonego\nrodzaju mog\u0105 by\u0107 ustanawiani pe\u0142nomocnicy dzia\u0142aj\u0105cy samodzielnie w granicach\npisemnie udzielonego im przez Zarz\u0105d umocowania.\u201d;<\/p>\n\n\n\n<p>29. w \u00a7 26 dodanie pkt 3 i 4 w\nbrzmieniu:<\/p>\n\n\n\n<p>\u201e3. Zarz\u0105d za zgod\u0105 Rady Nadzorczej\nmo\u017ce wyp\u0142aci\u0107 akcjonariuszom zaliczk\u0119 na poczet przewidywanej dywidendy na\nkoniec roku obrotowego je\u017celi Sp\u00f3\u0142ka posiada \u015brodki wystarczaj\u0105ce na wyp\u0142at\u0119.\nWyp\u0142ata zaliczki wymaga zgody Rady Nadzorczej.<\/p>\n\n\n\n<p>4. Wykonywanie zobowi\u0105za\u0144 pieni\u0119\u017cnych\nSp\u00f3\u0142ki wobec Akcjonariuszy z tytu\u0142u przys\u0142uguj\u0105cych im praw z akcji (wyp\u0142ata\ndywidendy, wykupy akcji zwi\u0105zane z obni\u017ceniem kapita\u0142u, itd.) &#8211; realizowane\nb\u0119d\u0105 bezpo\u015brednio przez Sp\u00f3\u0142k\u0119, bez po\u015brednictwa podmiotu prowadz\u0105cego rejestr\nakcjonariuszy Sp\u00f3\u0142ki.\u201d;<\/p>\n\n\n\n<p>30. \u00a7 27 pkt 4 otrzymuje brzmienie:<\/p>\n\n\n\n<p>&nbsp;\u201eAkcje\nza\u0142o\u017cycielskie uprzywilejowane nabyte przez innych w\u0142a\u015bcicieli akcji\nuprzywilejowanych za\u0142o\u017cycielskich jak i nabyte zgodnie z \u00a7 3 pkt 5 Statutu\nzachowuj\u0105&nbsp; wszystkie&nbsp;&nbsp; swoje uprzywilejowania.\u201d.<\/p>\n","protected":false},"excerpt":{"rendered":"<p>Zarz\u0105d GALIA S.A. z siedzib\u0105 w D\u0105browie G\u00f3rniczej, przy ulicy Przybylaka 15 dzia\u0142aj\u0105c na podstawie art. 399 \u00a7 1, w zwi\u0105zku z art. 398 i art. 402 \u00a71 Kodeksu Sp\u00f3\u0142ek Handlowych, zwo\u0142uje Nadzwyczajne Walne Zgromadzenie na dzie\u0144 09.06.2020 r. o godz. 11.00, kt\u00f3re odb\u0119dzie si\u0119 w Cz\u0119stochowie, przy ul. Rejtana 23. Porz\u0105dek obrad: Otwarcie Zgromadzenia [&hellip;]<\/p>\n","protected":false},"author":1,"featured_media":0,"parent":0,"menu_order":0,"comment_status":"closed","ping_status":"closed","template":"","meta":{"footnotes":""},"class_list":["post-251","page","type-page","status-publish","hentry"],"_links":{"self":[{"href":"https:\/\/galia.com.pl\/index.php\/wp-json\/wp\/v2\/pages\/251","targetHints":{"allow":["GET"]}}],"collection":[{"href":"https:\/\/galia.com.pl\/index.php\/wp-json\/wp\/v2\/pages"}],"about":[{"href":"https:\/\/galia.com.pl\/index.php\/wp-json\/wp\/v2\/types\/page"}],"author":[{"embeddable":true,"href":"https:\/\/galia.com.pl\/index.php\/wp-json\/wp\/v2\/users\/1"}],"replies":[{"embeddable":true,"href":"https:\/\/galia.com.pl\/index.php\/wp-json\/wp\/v2\/comments?post=251"}],"version-history":[{"count":0,"href":"https:\/\/galia.com.pl\/index.php\/wp-json\/wp\/v2\/pages\/251\/revisions"}],"wp:attachment":[{"href":"https:\/\/galia.com.pl\/index.php\/wp-json\/wp\/v2\/media?parent=251"}],"curies":[{"name":"wp","href":"https:\/\/api.w.org\/{rel}","templated":true}]}}