{"id":239,"date":"2020-02-06T16:55:35","date_gmt":"2020-02-06T14:55:35","guid":{"rendered":"http:\/\/www.galia.com.pl\/?page_id=239"},"modified":"2020-02-06T16:55:35","modified_gmt":"2020-02-06T14:55:35","slug":"informacja-o-rozstrzygnieciu-przetargu-budowa-dwoch-jednostek-wytwarzania-energii-elektrycznej-i-ciepla-w-technologii-wysokosprawnej-kogeneracji-w-miejscowosci-czestochowa","status":"publish","type":"page","link":"https:\/\/galia.com.pl\/index.php\/informacja-o-rozstrzygnieciu-przetargu-budowa-dwoch-jednostek-wytwarzania-energii-elektrycznej-i-ciepla-w-technologii-wysokosprawnej-kogeneracji-w-miejscowosci-czestochowa\/","title":{"rendered":"Informacja o rozstrzygni\u0119ciu przetargu: &#8222;Budowa dw\u00f3ch jednostek wytwarzania energii elektrycznej i ciep\u0142a w technologii wysokosprawnej kogeneracji w miejscowo\u015bci Cz\u0119stochowa&#8221;"},"content":{"rendered":"\n<p><strong>Informacja o wybranym wykonawcy: <\/strong><\/p>\n\n\n\n<p>Rozstrzygni\u0119te<\/p>\n\n\n\n<p><strong>Nazwa i adres, data wp\u0142yni\u0119cia oferty oraz jej cena: <\/strong><\/p>\n\n\n\n<p>Konsorcjum\n firm: INERGIS S.A., ul. Kisielewskiego 18\/28B, 42-215 Cz\u0119stochowa &#8211; \nLider Konsorcjum oraz TEDOM Poland Sp. z o.o. ul. Racjonalizator\u00f3w 10 \n41-506 Chorz\u00f3w \u2013Partner Konsorcjum<\/p>\n\n\n\n<p>Data wp\u0142yni\u0119cia oferty: 31.01.2020 r. <\/p>\n\n\n\n<p>Cena\n brutto: 6 868 409,79 z\u0142, w tym: cena brutto za realizacj\u0119 rob\u00f3t \nbudowlanych: 6 404 517,75 z\u0142, cena brutto za wykonanie us\u0142ugi serwisowej\n w okresie gwarancji: 463 892,04 z\u0142.<\/p>\n\n\n\n<p><\/p>\n","protected":false},"excerpt":{"rendered":"<p>Informacja o wybranym wykonawcy: Rozstrzygni\u0119te Nazwa i adres, data wp\u0142yni\u0119cia oferty oraz jej cena: Konsorcjum firm: INERGIS S.A., ul. Kisielewskiego 18\/28B, 42-215 Cz\u0119stochowa &#8211; Lider Konsorcjum oraz TEDOM Poland Sp. z o.o. ul. Racjonalizator\u00f3w 10 41-506 Chorz\u00f3w \u2013Partner Konsorcjum Data wp\u0142yni\u0119cia oferty: 31.01.2020 r. Cena brutto: 6 868 409,79 z\u0142, w tym: cena brutto za [&hellip;]<\/p>\n","protected":false},"author":1,"featured_media":0,"parent":0,"menu_order":0,"comment_status":"closed","ping_status":"closed","template":"","meta":{"footnotes":""},"class_list":["post-239","page","type-page","status-publish","hentry"],"_links":{"self":[{"href":"https:\/\/galia.com.pl\/index.php\/wp-json\/wp\/v2\/pages\/239","targetHints":{"allow":["GET"]}}],"collection":[{"href":"https:\/\/galia.com.pl\/index.php\/wp-json\/wp\/v2\/pages"}],"about":[{"href":"https:\/\/galia.com.pl\/index.php\/wp-json\/wp\/v2\/types\/page"}],"author":[{"embeddable":true,"href":"https:\/\/galia.com.pl\/index.php\/wp-json\/wp\/v2\/users\/1"}],"replies":[{"embeddable":true,"href":"https:\/\/galia.com.pl\/index.php\/wp-json\/wp\/v2\/comments?post=239"}],"version-history":[{"count":0,"href":"https:\/\/galia.com.pl\/index.php\/wp-json\/wp\/v2\/pages\/239\/revisions"}],"wp:attachment":[{"href":"https:\/\/galia.com.pl\/index.php\/wp-json\/wp\/v2\/media?parent=239"}],"curies":[{"name":"wp","href":"https:\/\/api.w.org\/{rel}","templated":true}]}}