{"id":226,"date":"2020-01-21T15:42:57","date_gmt":"2020-01-21T13:42:57","guid":{"rendered":"http:\/\/www.galia.com.pl\/?page_id=226"},"modified":"2020-01-21T15:42:57","modified_gmt":"2020-01-21T13:42:57","slug":"15-01-2020-ogloszenie-o-zwolaniu-nadzwyczajnego-zgromadzenia","status":"publish","type":"page","link":"https:\/\/galia.com.pl\/index.php\/15-01-2020-ogloszenie-o-zwolaniu-nadzwyczajnego-zgromadzenia\/","title":{"rendered":"15.01.2020 Og\u0142oszenie o zwo\u0142aniu Nadzwyczajnego Zgromadzenia."},"content":{"rendered":"\n<p>Zarz\u0105d GALIA S.A. z siedzib\u0105 w D\u0105browie G\u00f3rniczej, przy ulicy Przybylaka 15 dzia\u0142aj\u0105c na podstawie art. 399 \u00a7 1, w zwi\u0105zku z art. 398&nbsp; i art. 402 \u00a71 Kodeksu Sp\u00f3\u0142ek Handlowych, zwo\u0142uje Nadzwyczajne Walne Zgromadzenie na dzie\u0144 12 lutego 2020 r.&nbsp; o godz. 11.00, kt\u00f3re odb\u0119dzie si\u0119 w Cz\u0119stochowie, przy ul. Rejtana 25. Porz\u0105dek obrad w MSiG Nr 9 z 15.01.2020r. poz.1877<\/p>\n\n\n\n<p><\/p>\n","protected":false},"excerpt":{"rendered":"<p>Zarz\u0105d GALIA S.A. z siedzib\u0105 w D\u0105browie G\u00f3rniczej, przy ulicy Przybylaka 15 dzia\u0142aj\u0105c na podstawie art. 399 \u00a7 1, w zwi\u0105zku z art. 398&nbsp; i art. 402 \u00a71 Kodeksu Sp\u00f3\u0142ek Handlowych, zwo\u0142uje Nadzwyczajne Walne Zgromadzenie na dzie\u0144 12 lutego 2020 r.&nbsp; o godz. 11.00, kt\u00f3re odb\u0119dzie si\u0119 w Cz\u0119stochowie, przy ul. Rejtana 25. Porz\u0105dek obrad [&hellip;]<\/p>\n","protected":false},"author":1,"featured_media":0,"parent":0,"menu_order":0,"comment_status":"closed","ping_status":"closed","template":"","meta":{"footnotes":""},"class_list":["post-226","page","type-page","status-publish","hentry"],"_links":{"self":[{"href":"https:\/\/galia.com.pl\/index.php\/wp-json\/wp\/v2\/pages\/226","targetHints":{"allow":["GET"]}}],"collection":[{"href":"https:\/\/galia.com.pl\/index.php\/wp-json\/wp\/v2\/pages"}],"about":[{"href":"https:\/\/galia.com.pl\/index.php\/wp-json\/wp\/v2\/types\/page"}],"author":[{"embeddable":true,"href":"https:\/\/galia.com.pl\/index.php\/wp-json\/wp\/v2\/users\/1"}],"replies":[{"embeddable":true,"href":"https:\/\/galia.com.pl\/index.php\/wp-json\/wp\/v2\/comments?post=226"}],"version-history":[{"count":0,"href":"https:\/\/galia.com.pl\/index.php\/wp-json\/wp\/v2\/pages\/226\/revisions"}],"wp:attachment":[{"href":"https:\/\/galia.com.pl\/index.php\/wp-json\/wp\/v2\/media?parent=226"}],"curies":[{"name":"wp","href":"https:\/\/api.w.org\/{rel}","templated":true}]}}