{"id":176,"date":"2019-12-11T11:01:38","date_gmt":"2019-12-11T09:01:38","guid":{"rendered":"http:\/\/www.galia.com.pl\/?page_id=176"},"modified":"2019-12-11T11:01:38","modified_gmt":"2019-12-11T09:01:38","slug":"pytania-i-odpowiedzi-oraz-zaktualizowane-zalaczniki-do-projektu-10-12-2019-budowa-jednostki","status":"publish","type":"page","link":"https:\/\/galia.com.pl\/index.php\/pytania-i-odpowiedzi-oraz-zaktualizowane-zalaczniki-do-projektu-10-12-2019-budowa-jednostki\/","title":{"rendered":"Pytania i odpowiedzi oraz zaktualizowane za\u0142\u0105czniki do projektu 10.12.2019 (budowa jednostki)"},"content":{"rendered":"\n<div class=\"wp-block-file\"><a href=\"https:\/\/www.galia.com.pl\/wp-content\/uploads\/2019\/12\/Pytania-i-odpowiedzi-0999-MWel-10.12.2019-1.pdf\">Pytania-i-odpowiedzi-0999-MWel-10.12.2019-1<\/a><\/div>\n\n\n\n<div class=\"wp-block-file\"><a href=\"https:\/\/www.galia.com.pl\/wp-content\/uploads\/2019\/12\/Za\u0142\u0105cznik-nr-2-do-SIWZ-2019.12.10-2.docx\">Za\u0142\u0105cznik-nr-2-do-SIWZ-2019.12.10-2<\/a><\/div>\n\n\n\n<div class=\"wp-block-file\"><a href=\"https:\/\/www.galia.com.pl\/wp-content\/uploads\/2019\/12\/Za\u0142\u0105cznik-nr-3-do-SIWZ-Wykaz-wykon.rob\u00f3t-budowl-2019.12.10-1.docx\">Za\u0142\u0105cznik-nr-3-do-SIWZ-Wykaz-wykon.rob\u00f3t-budowl-2019.12.10-1<\/a><\/div>\n\n\n\n<div class=\"wp-block-file\"><a href=\"https:\/\/www.galia.com.pl\/wp-content\/uploads\/2019\/12\/Za\u0142\u0105cznik-nr-4-do-SIWZ-Wykaz-wykon.-us\u0142ug-serw.-2019.12.10-1.docx\">Za\u0142\u0105cznik-nr-4-do-SIWZ-Wykaz-wykon.-us\u0142ug-serw.-2019.12.10-1<\/a><\/div>\n\n\n\n<div class=\"wp-block-file\"><a href=\"https:\/\/www.galia.com.pl\/wp-content\/uploads\/2019\/12\/Za\u0142\u0105cznik-nr-5-do-SIWZ-Wykaz-os\u00f3b-2019.12.10-1.docx\">Za\u0142\u0105cznik-nr-5-do-SIWZ-Wykaz-os\u00f3b-2019.12.10-1<\/a><\/div>\n\n\n\n<div class=\"wp-block-file\"><a href=\"https:\/\/www.galia.com.pl\/wp-content\/uploads\/2019\/12\/Za\u0142\u0105cznik-nr-8-do-SIWZ-Of.serw_.pogwar.-2019.12.10-1.docx\">Za\u0142\u0105cznik-nr-8-do-SIWZ-Of.serw_.pogwar.-2019.12.10-1<\/a><\/div>\n\n\n\n<div class=\"wp-block-file\"><a href=\"https:\/\/www.galia.com.pl\/wp-content\/uploads\/2019\/12\/Za\u0142\u0105cznik-nr-9-do-SIWZ-Wykaz-cz\u0119\u015bci-zamiennych-2019.12.10-1.docx\">Za\u0142\u0105cznik-nr-9-do-SIWZ-Wykaz-cz\u0119\u015bci-zamiennych-2019.12.10-1<\/a><\/div>\n\n\n\n<div class=\"wp-block-file\"><a href=\"https:\/\/www.galia.com.pl\/wp-content\/uploads\/2019\/12\/Za\u0142\u0105cznik-nr-10-do-SIWZ-O\u015bw.o-spe\u0142n.war_.udz_.w-post.-2019.12.10.docx\">Za\u0142\u0105cznik-nr-10-do-SIWZ-O\u015bw.o-spe\u0142n.war_.udz_.w-post.-2019.12.10<\/a><\/div>\n\n\n\n<div class=\"wp-block-file\"><a href=\"https:\/\/www.galia.com.pl\/wp-content\/uploads\/2019\/12\/Za\u0142\u0105cznik-nr-11-do-SIWZ-O\u015bw.o-braku-podst.do-wykl.-z-post.-2019.12.10-1.docx\">Za\u0142\u0105cznik-nr-11-do-SIWZ-O\u015bw.o-braku-podst.do-wykl.-z-post.-2019.12.10-1<\/a><\/div>\n\n\n\n<div class=\"wp-block-file\"><a href=\"https:\/\/www.galia.com.pl\/wp-content\/uploads\/2019\/12\/Za\u0142\u0105cznik-nr-12-do-SIWZ-Formularza-oferty-ostatecznej-2019.12.10.docx\">Za\u0142\u0105cznik-nr-12-do-SIWZ-Formularza-oferty-ostatecznej-2019.12.10<\/a><\/div>\n\n\n\n<p><\/p>\n","protected":false},"excerpt":{"rendered":"","protected":false},"author":1,"featured_media":0,"parent":0,"menu_order":0,"comment_status":"closed","ping_status":"closed","template":"","meta":{"footnotes":""},"class_list":["post-176","page","type-page","status-publish","hentry"],"_links":{"self":[{"href":"https:\/\/galia.com.pl\/index.php\/wp-json\/wp\/v2\/pages\/176","targetHints":{"allow":["GET"]}}],"collection":[{"href":"https:\/\/galia.com.pl\/index.php\/wp-json\/wp\/v2\/pages"}],"about":[{"href":"https:\/\/galia.com.pl\/index.php\/wp-json\/wp\/v2\/types\/page"}],"author":[{"embeddable":true,"href":"https:\/\/galia.com.pl\/index.php\/wp-json\/wp\/v2\/users\/1"}],"replies":[{"embeddable":true,"href":"https:\/\/galia.com.pl\/index.php\/wp-json\/wp\/v2\/comments?post=176"}],"version-history":[{"count":0,"href":"https:\/\/galia.com.pl\/index.php\/wp-json\/wp\/v2\/pages\/176\/revisions"}],"wp:attachment":[{"href":"https:\/\/galia.com.pl\/index.php\/wp-json\/wp\/v2\/media?parent=176"}],"curies":[{"name":"wp","href":"https:\/\/api.w.org\/{rel}","templated":true}]}}