{"id":164,"date":"2019-12-05T11:38:07","date_gmt":"2019-12-05T09:38:07","guid":{"rendered":"http:\/\/www.galia.com.pl\/?page_id=164"},"modified":"2019-12-05T11:38:07","modified_gmt":"2019-12-05T09:38:07","slug":"pytania-i-odpowiedzi-oraz-zaktualizowane-zalaczniki-do-projektu-04-12-2019-budowa-dwoch-jednostek","status":"publish","type":"page","link":"https:\/\/galia.com.pl\/index.php\/pytania-i-odpowiedzi-oraz-zaktualizowane-zalaczniki-do-projektu-04-12-2019-budowa-dwoch-jednostek\/","title":{"rendered":"Pytania i odpowiedzi oraz zaktualizowane za\u0142\u0105czniki do projektu 04.12.2019 (budowa dw\u00f3ch jednostek)"},"content":{"rendered":"\n<div class=\"wp-block-file\"><a href=\"https:\/\/www.galia.com.pl\/wp-content\/uploads\/2019\/12\/Informacje-dot.-wprowadzonych-zmian-04.12.2019-r.-1.pdf\">Informacje-dot.-wprowadzonych-zmian-04.12.2019-r.-1<\/a><\/div>\n\n\n\n<div class=\"wp-block-file\"><a href=\"https:\/\/www.galia.com.pl\/wp-content\/uploads\/2019\/12\/Pytania-i-odpowiedzi-do-og\u0142oszenia-04.12.2019.pdf\">Pytania-i-odpowiedzi-do-og\u0142oszenia-04.12.2019<\/a><\/div>\n\n\n\n<div class=\"wp-block-file\"><a href=\"https:\/\/www.galia.com.pl\/wp-content\/uploads\/2019\/12\/Schemat-w\u0119z\u0142a-technologicznego-nr-1-1.pdf\">Schemat-w\u0119z\u0142a-technologicznego-nr-1-1<\/a><\/div>\n\n\n\n<div class=\"wp-block-file\"><a href=\"https:\/\/www.galia.com.pl\/wp-content\/uploads\/2019\/12\/Schemat-w\u0119z\u0142a-technologicznego-nr-2-1.pdf\">Schemat-w\u0119z\u0142a-technologicznego-nr-2-1<\/a><\/div>\n\n\n\n<div class=\"wp-block-file\"><a href=\"https:\/\/www.galia.com.pl\/wp-content\/uploads\/2019\/12\/Za\u0142a\u0328cznik-nr-13-do-SIWZ-Wzo\u0301r-umowy-2019.12.04-1.pdf\">Za\u0142a\u0328cznik-nr-13-do-SIWZ-Wzo\u0301r-umowy-2019.12.04-1<\/a><\/div>\n","protected":false},"excerpt":{"rendered":"","protected":false},"author":1,"featured_media":0,"parent":0,"menu_order":0,"comment_status":"closed","ping_status":"closed","template":"","meta":{"footnotes":""},"class_list":["post-164","page","type-page","status-publish","hentry"],"_links":{"self":[{"href":"https:\/\/galia.com.pl\/index.php\/wp-json\/wp\/v2\/pages\/164","targetHints":{"allow":["GET"]}}],"collection":[{"href":"https:\/\/galia.com.pl\/index.php\/wp-json\/wp\/v2\/pages"}],"about":[{"href":"https:\/\/galia.com.pl\/index.php\/wp-json\/wp\/v2\/types\/page"}],"author":[{"embeddable":true,"href":"https:\/\/galia.com.pl\/index.php\/wp-json\/wp\/v2\/users\/1"}],"replies":[{"embeddable":true,"href":"https:\/\/galia.com.pl\/index.php\/wp-json\/wp\/v2\/comments?post=164"}],"version-history":[{"count":0,"href":"https:\/\/galia.com.pl\/index.php\/wp-json\/wp\/v2\/pages\/164\/revisions"}],"wp:attachment":[{"href":"https:\/\/galia.com.pl\/index.php\/wp-json\/wp\/v2\/media?parent=164"}],"curies":[{"name":"wp","href":"https:\/\/api.w.org\/{rel}","templated":true}]}}