{"id":11,"date":"2019-11-08T08:31:03","date_gmt":"2019-11-08T06:31:03","guid":{"rendered":"http:\/\/172.17.58.94\/wordpress\/?page_id=9"},"modified":"2025-06-26T08:14:57","modified_gmt":"2025-06-26T06:14:57","slug":"o-firmie","status":"publish","type":"page","link":"https:\/\/galia.com.pl\/","title":{"rendered":""},"content":{"rendered":"\n<figure class=\"wp-block-image\"><img decoding=\"async\" src=\"https:\/\/www.galia.com.pl\/wp-content\/uploads\/2020\/06\/UE_EFRR_rgb-1-1024x334.jpg\" alt=\"\" class=\"wp-image-278\"\/><\/figure>\n\n\n\n<figure class=\"wp-block-image aligncenter size-full is-resized\"><img loading=\"lazy\" decoding=\"async\" width=\"816\" height=\"759\" src=\"https:\/\/galia.com.pl\/wp-content\/uploads\/2019\/11\/GALIA-LOGO.jpg\" alt=\"\" class=\"wp-image-510\" style=\"width:114px;height:106px\" srcset=\"https:\/\/galia.com.pl\/wp-content\/uploads\/2019\/11\/GALIA-LOGO.jpg 816w, https:\/\/galia.com.pl\/wp-content\/uploads\/2019\/11\/GALIA-LOGO-300x279.jpg 300w, https:\/\/galia.com.pl\/wp-content\/uploads\/2019\/11\/GALIA-LOGO-768x714.jpg 768w\" sizes=\"auto, (max-width: 816px) 100vw, 816px\" \/><figcaption class=\"wp-element-caption\"><strong>O FIRMIE<\/strong><\/figcaption><\/figure>\n\n\n\n<p>Galia S.A. rozpocz\u0119\u0142a dzia\u0142alno\u015b\u0107 w 1998r. W chwili obecnej przedmiotem podstawowej dzia\u0142alno\u015bci Sp\u00f3\u0142ki jest wynajem i zarz\u0105dzanie nieruchomo\u015bciami. Najwi\u0119ksza cz\u0119\u015b\u0107 nieruchomo\u015bci zlokalizowana jest w D\u0105browie G\u00f3rniczej przy ulicy Przybylaka 15, gdzie znajduje si\u0119 r\u00f3wnie\u017c g\u0142\u00f3wna siedziba Sp\u00f3\u0142ki.<\/p>\n\n\n\n<p><strong><a href=\"https:\/\/www.galia.com.pl\/wp-content\/uploads\/2025\/01\/OFERTA-WYNAJMU-NIERUCHOMOSCI-DABROWA-GORNICZA-28082024-AKTUALIZACJA-AW-1.pdf\" target=\"_blank\" rel=\"noreferrer noopener\">NASZA OFERTA &#8211; HALE \/ MAGAZYNY DO WYNAJ\u0118CIA<\/a><\/strong><\/p>\n\n\n\n<figure class=\"wp-block-image is-resized\"><img decoding=\"async\" src=\"https:\/\/www.galia.com.pl\/wp-content\/uploads\/2020\/06\/ZDJ\u0118CIE-D\u0104BROWA-1024x479.jpg\" alt=\"\" class=\"wp-image-269\" style=\"width:581px;height:271px\"\/><\/figure>\n\n\n\n<h1 class=\"wp-block-heading has-light-gray-color has-text-color has-normal-font-size\"><strong><a href=\"https:\/\/www.galia.com.pl\/wp-content\/uploads\/2025\/01\/OFERTA-WYNAJMU-NIERUCHOMOSCI-ZORY-20240311.pdf\">PAWILON HANDLOWY W \u017bORACH &#8211; DO WYNAJ\u0118CIA<\/a><\/strong><\/h1>\n\n\n\n<figure class=\"wp-block-image size-large is-resized\"><img decoding=\"async\" src=\"https:\/\/www.galia.com.pl\/wp-content\/uploads\/2025\/01\/Kopia-20240226_111250-1024x477.jpg\" alt=\"\" class=\"wp-image-425\" style=\"width:586px;height:272px\"\/><\/figure>\n\n\n\n<figure class=\"wp-block-image size-large is-resized\"><img decoding=\"async\" src=\"https:\/\/www.galia.com.pl\/wp-content\/uploads\/2025\/01\/Kopia-20240226_111527-1024x498.jpg\" alt=\"\" class=\"wp-image-426\" style=\"width:587px;height:285px\"\/><\/figure>\n\n\n\n<h4 class=\"wp-block-heading\"><a href=\"https:\/\/www.galia.com.pl\/index.php\/ogloszenia-dla-akcjonariuszy\/\">Og\u0142oszenia dla Akcjonariuszy<\/a><\/h4>\n\n\n\n<p><strong><a href=\"https:\/\/www.galia.com.pl\/?page_id=260\">Polityka prywatno\u015bci<\/a><\/strong><\/p>\n\n\n\n<h4 class=\"wp-block-heading\">Kontakt :<\/h4>\n\n\n\n<p class=\"has-small-font-size\">Siedziba: <strong>41-300 D\u0105browa G\u00f3rnicza ul. Przybylaka 15<\/strong><\/p>\n\n\n\n<p class=\"has-small-font-size\">+48 34 369 27 00   galia@galia.com.pl <\/p>\n\n\n\n<p style=\"font-size:clamp(14px, 0.875rem + ((1vw - 3.2px) * 0.469), 18.5px);px\">Prezes Zarz\u0105du  tel. 665 000 345   <\/p>\n\n\n\n<p style=\"font-size:clamp(14px, 0.875rem + ((1vw - 3.2px) * 0.26), 16.5px);px\">NIP 644 26 71 071      REGON 273494750<\/p>\n\n\n\n<p style=\"font-size:clamp(14px, 0.875rem + ((1vw - 3.2px) * 0.052), 14.5px);px\">KRS Nr 0000118298 &#8211; S\u0104D REJONOWY KATOWICE-WSCH\u00d3D W KATOWICACH WYDZIA\u0141 VIII GOSPODARCZY KRAJOWEGO REJESTRU S\u0104DOWEGO <\/p>\n\n\n\n<p style=\"font-size:clamp(14px, 0.875rem + ((1vw - 3.2px) * 0.156), 15.5px);px\">Kapita\u0142 zak\u0142adowy 1&nbsp;940&nbsp;000 z\u0142 (w ca\u0142o\u015bci wp\u0142acony)<\/p>\n\n\n\n<h4 class=\"wp-block-heading\">Projekty :<\/h4>\n\n\n\n<figure class=\"wp-block-image is-resized\"><a href=\"https:\/\/www.galia.com.pl\/index.php\/projekty\/\"><img decoding=\"async\" src=\"https:\/\/www.galia.com.pl\/wp-content\/uploads\/2020\/06\/UE_EFRR_rgb-1-1024x334.jpg\" alt=\"\" class=\"wp-image-278\" style=\"width:514px;height:167px\"\/><\/a><\/figure>\n\n\n\n<p><a href=\"https:\/\/www.galia.com.pl\/index.php\/o-firmie\/projekt012h\/\">1. Zaproszenie do sk\u0142adania ofert-projekt pn.:&#8221;Budowa jednostki  wytwarzania energii elektrycznej i ciep\u0142a w technologii wysokosprawnej  kogeneracji o mocy 0,999MW<\/a><sub><a href=\"https:\/\/www.galia.com.pl\/index.php\/o-firmie\/projekt012h\/\">el<\/a><\/sub><a href=\"https:\/\/www.galia.com.pl\/index.php\/o-firmie\/projekt012h\/\"> w miejscowo\u015bci Cz\u0119stochowa&#8221; <\/a><\/p>\n\n\n\n<p><a href=\"https:\/\/www.galia.com.pl\/index.php\/pytania-i-odpowiedzi-oraz-zaktualizowane-zalaczniki-do-projektu-budowa-jednostki\/\">Pytania i odpowiedzi oraz zaktualizowane za\u0142\u0105czniki do projektu.<\/a><\/p>\n\n\n\n<p><a href=\"https:\/\/www.galia.com.pl\/?page_id=114\">Pytania i odpowiedzi do projektu 25.11.2019 (budowa jednostki)<\/a><\/p>\n\n\n\n<p><a href=\"https:\/\/www.galia.com.pl\/?page_id=133\">Pytania i odpowiedzi oraz zaktualizowane za\u0142\u0105czniki do projektu 03.12.2019 (budowa jednostki)<\/a><\/p>\n\n\n\n<p><a href=\"https:\/\/www.galia.com.pl\/?page_id=144\">Pytania i odpowiedzi oraz zaktualizowane za\u0142\u0105czniki do projektu 04.12.2019 (budowa jednostki)<\/a><\/p>\n\n\n\n<p><a href=\"https:\/\/www.galia.com.pl\/?page_id=176\">Pytania i odpowiedzi oraz zaktualizowane za\u0142\u0105czniki do projektu 10.12.2019 (budowa jednostki)<\/a><\/p>\n\n\n\n<p><a href=\"https:\/\/www.galia.com.pl\/?page_id=235\">Informacja o rozstrzygni\u0119ciu przetargu:  &#8222;Budowa jednostki  wytwarzania energii elektrycznej i ciep\u0142a w technologii wysokosprawnej  kogeneracji o mocy 0,999MW<\/a><sub><a href=\"https:\/\/www.galia.com.pl\/?page_id=235\">el<\/a><\/sub><a href=\"https:\/\/www.galia.com.pl\/?page_id=235\"> w miejscowo\u015bci Cz\u0119stochowa&#8221; <\/a><\/p>\n\n\n\n<p><a href=\"https:\/\/www.galia.com.pl\/index.php\/o-firmie\/projekt0130\/\">2. Zaproszenie do sk\u0142adania ofert-projekt pn.:&#8221;Budowa dw\u00f3ch jednostek  wytwarzania energii elektrycznej i ciep\u0142a w technologii wysokosprawnej  kogeneracji w miejscowo\u015bci Cz\u0119stochowa&#8221; <\/a><\/p>\n\n\n\n<p><a href=\"https:\/\/www.galia.com.pl\/?page_id=104\">Pytania i odpowiedzi oraz zaktualizowane za\u0142\u0105czniki do projektu.<\/a><\/p>\n\n\n\n<p><a href=\"https:\/\/www.galia.com.pl\/?page_id=116\">Pytania i odpowiedzi oraz zaktualizowane za\u0142\u0105czniki do projektu 25.11.2019 (budowa dw\u00f3ch jednostek)<\/a><\/p>\n\n\n\n<p><a href=\"https:\/\/www.galia.com.pl\/?page_id=155\">Pytania i odpowiedzi oraz zaktualizowane za\u0142\u0105czniki do projektu 03.12.2019 (budowa dw\u00f3ch jednostek)<\/a><\/p>\n\n\n\n<p><a href=\"https:\/\/www.galia.com.pl\/?page_id=164\">Pytania i odpowiedzi oraz zaktualizowane za\u0142\u0105czniki do projektu 04.12.2019 (budowa dw\u00f3ch jednostek)<\/a><\/p>\n\n\n\n<p><a href=\"https:\/\/www.galia.com.pl\/?page_id=197\">Pytania i odpowiedzi oraz zaktualizowane za\u0142\u0105czniki do projektu 10.12.2019 (budowa dw\u00f3ch jednostek)<\/a><\/p>\n\n\n\n<p><a href=\"https:\/\/www.galia.com.pl\/?page_id=239\">Informacja o rozstrzygni\u0119ciu przetargu: &#8222;Budowa dw\u00f3ch jednostek  wytwarzania energii elektrycznej i ciep\u0142a w technologii wysokosprawnej  kogeneracji w miejscowo\u015bci Cz\u0119stochowa&#8221; <\/a><\/p>\n\n\n\n<p><\/p>\n\n\n\n<p><\/p>\n","protected":false},"excerpt":{"rendered":"<p>Galia S.A. rozpocz\u0119\u0142a dzia\u0142alno\u015b\u0107 w 1998r. W chwili obecnej przedmiotem podstawowej dzia\u0142alno\u015bci Sp\u00f3\u0142ki jest wynajem i zarz\u0105dzanie nieruchomo\u015bciami. Najwi\u0119ksza cz\u0119\u015b\u0107 nieruchomo\u015bci zlokalizowana jest w D\u0105browie G\u00f3rniczej przy ulicy Przybylaka 15, gdzie znajduje si\u0119 r\u00f3wnie\u017c g\u0142\u00f3wna siedziba Sp\u00f3\u0142ki. NASZA OFERTA &#8211; HALE \/ MAGAZYNY DO WYNAJ\u0118CIA PAWILON HANDLOWY W \u017bORACH &#8211; DO WYNAJ\u0118CIA Og\u0142oszenia dla Akcjonariuszy [&hellip;]<\/p>\n","protected":false},"author":1,"featured_media":0,"parent":0,"menu_order":0,"comment_status":"closed","ping_status":"closed","template":"","meta":{"footnotes":""},"class_list":["post-11","page","type-page","status-publish","hentry"],"_links":{"self":[{"href":"https:\/\/galia.com.pl\/index.php\/wp-json\/wp\/v2\/pages\/11","targetHints":{"allow":["GET"]}}],"collection":[{"href":"https:\/\/galia.com.pl\/index.php\/wp-json\/wp\/v2\/pages"}],"about":[{"href":"https:\/\/galia.com.pl\/index.php\/wp-json\/wp\/v2\/types\/page"}],"author":[{"embeddable":true,"href":"https:\/\/galia.com.pl\/index.php\/wp-json\/wp\/v2\/users\/1"}],"replies":[{"embeddable":true,"href":"https:\/\/galia.com.pl\/index.php\/wp-json\/wp\/v2\/comments?post=11"}],"version-history":[{"count":4,"href":"https:\/\/galia.com.pl\/index.php\/wp-json\/wp\/v2\/pages\/11\/revisions"}],"predecessor-version":[{"id":640,"href":"https:\/\/galia.com.pl\/index.php\/wp-json\/wp\/v2\/pages\/11\/revisions\/640"}],"wp:attachment":[{"href":"https:\/\/galia.com.pl\/index.php\/wp-json\/wp\/v2\/media?parent=11"}],"curies":[{"name":"wp","href":"https:\/\/api.w.org\/{rel}","templated":true}]}}