{"id":104,"date":"2019-11-19T13:31:02","date_gmt":"2019-11-19T11:31:02","guid":{"rendered":"http:\/\/www.galia.com.pl\/?page_id=104"},"modified":"2019-11-19T13:31:02","modified_gmt":"2019-11-19T11:31:02","slug":"pytania-i-odpowiedzi-oraz-zaktualizowane-zalaczniki-do-projektu-budowa-dwoch-jednostek","status":"publish","type":"page","link":"https:\/\/galia.com.pl\/index.php\/pytania-i-odpowiedzi-oraz-zaktualizowane-zalaczniki-do-projektu-budowa-dwoch-jednostek\/","title":{"rendered":"Pytania i odpowiedzi oraz zaktualizowane za\u0142\u0105czniki do projektu (budowa dw\u00f3ch jednostek)"},"content":{"rendered":"\n<div class=\"wp-block-file\"><a href=\"https:\/\/www.galia.com.pl\/wp-content\/uploads\/2019\/11\/Informacje-dot.-wprowadzonych-zmian-18.11.2019-r.-1.pdf\">Informacje dot. wprowadzonych zmian &#8211; 18.11.2019 r.<\/a><a href=\"https:\/\/www.galia.com.pl\/wp-content\/uploads\/2019\/11\/Informacje-dot.-wprowadzonych-zmian-18.11.2019-r.-1.pdf\" class=\"wp-block-file__button\" download>Pobierz<\/a><\/div>\n\n\n\n<div class=\"wp-block-file\"><a href=\"https:\/\/www.galia.com.pl\/wp-content\/uploads\/2019\/11\/Pytania-i-odpowiedzi-do-og\u0142oszenia-18.11.2019.pdf\">Pytania i odpowiedzi do og\u0142oszenia &#8211; 18.11.2019<\/a><a href=\"https:\/\/www.galia.com.pl\/wp-content\/uploads\/2019\/11\/Pytania-i-odpowiedzi-do-og\u0142oszenia-18.11.2019.pdf\" class=\"wp-block-file__button\" download>Pobierz<\/a><\/div>\n\n\n\n<div class=\"wp-block-file\"><a href=\"https:\/\/www.galia.com.pl\/wp-content\/uploads\/2019\/11\/Za\u0142a\u0328cznik-nr-6-do-SIWZ-Parametry-kontrolne-2019.11.18-1.pdf\">Za\u0142a\u0328cznik nr 6 do SIWZ &#8211; Parametry kontrolne &#8211; 2019.11.18<\/a><a href=\"https:\/\/www.galia.com.pl\/wp-content\/uploads\/2019\/11\/Za\u0142a\u0328cznik-nr-6-do-SIWZ-Parametry-kontrolne-2019.11.18-1.pdf\" class=\"wp-block-file__button\" download>Pobierz<\/a><\/div>\n\n\n\n<div class=\"wp-block-file\"><a href=\"https:\/\/www.galia.com.pl\/wp-content\/uploads\/2019\/11\/Za\u0142a\u0328cznik-nr-7-do-SIWZ-2019.11.18.pdf\">Za\u0142a\u0328cznik nr 7 do SIWZ- 2019.11.18<\/a><a href=\"https:\/\/www.galia.com.pl\/wp-content\/uploads\/2019\/11\/Za\u0142a\u0328cznik-nr-7-do-SIWZ-2019.11.18.pdf\" class=\"wp-block-file__button\" download>Pobierz<\/a><\/div>\n\n\n\n<div class=\"wp-block-file\"><a href=\"https:\/\/www.galia.com.pl\/wp-content\/uploads\/2019\/11\/Za\u0142a\u0328cznik-nr-13-do-SIWZ-Wzo\u0301r-umowy-2019.11.18-1.pdf\">Za\u0142a\u0328cznik nr 13 do SIWZ- Wzo\u0301r umowy &#8211; 2019.11.18<\/a><a href=\"https:\/\/www.galia.com.pl\/wp-content\/uploads\/2019\/11\/Za\u0142a\u0328cznik-nr-13-do-SIWZ-Wzo\u0301r-umowy-2019.11.18-1.pdf\" class=\"wp-block-file__button\" download>Pobierz<\/a><\/div>\n","protected":false},"excerpt":{"rendered":"","protected":false},"author":1,"featured_media":0,"parent":0,"menu_order":0,"comment_status":"closed","ping_status":"closed","template":"","meta":{"footnotes":""},"class_list":["post-104","page","type-page","status-publish","hentry"],"_links":{"self":[{"href":"https:\/\/galia.com.pl\/index.php\/wp-json\/wp\/v2\/pages\/104","targetHints":{"allow":["GET"]}}],"collection":[{"href":"https:\/\/galia.com.pl\/index.php\/wp-json\/wp\/v2\/pages"}],"about":[{"href":"https:\/\/galia.com.pl\/index.php\/wp-json\/wp\/v2\/types\/page"}],"author":[{"embeddable":true,"href":"https:\/\/galia.com.pl\/index.php\/wp-json\/wp\/v2\/users\/1"}],"replies":[{"embeddable":true,"href":"https:\/\/galia.com.pl\/index.php\/wp-json\/wp\/v2\/comments?post=104"}],"version-history":[{"count":0,"href":"https:\/\/galia.com.pl\/index.php\/wp-json\/wp\/v2\/pages\/104\/revisions"}],"wp:attachment":[{"href":"https:\/\/galia.com.pl\/index.php\/wp-json\/wp\/v2\/media?parent=104"}],"curies":[{"name":"wp","href":"https:\/\/api.w.org\/{rel}","templated":true}]}}